{"id":286,"date":"2017-09-22T12:05:55","date_gmt":"2017-09-22T10:05:55","guid":{"rendered":"https:\/\/www.doulcememoire.com\/?page_id=286"},"modified":"2021-11-02T12:47:52","modified_gmt":"2021-11-02T11:47:52","slug":"aupres-de-doulce","status":"publish","type":"page","link":"https:\/\/www.doulcememoire.com\/en\/soutenir\/aupres-de-doulce\/","title":{"rendered":"Aupr\u00e8s de ma doulce"},"content":{"rendered":"<p><strong>Aupr\u00e8s de ma doulce :<\/strong><\/p>\n<p>The association Aupr\u00e8s de ma Doulce brings together friends and fans of the concerts of Doulce M\u00e9moire. Throughout the year it organises friendly exchanges and encounters with Denis Raisin Dadre \u00a0and the artists of Doulce M\u00e9moire, while contributing to the development and promotion of the ensemble.<br \/>\nCome and join in! Express your ideas, lend a hand, make suggestions; listen, learn, exchange and share\u2026<\/p>\n<p><strong><br \/>\nThe committee of Aupr\u00e8s de ma Doulce is composed of :\u00a0<\/strong><\/p>\n<p>Caroline Leddet, president<br \/>\nJean-Baptiste S\u00e8ve, secretary<\/p>\n<h2><\/h2>\n<p><strong>Information<\/strong>:<br \/>\nEmail :\u00a0aupresdemadoulce[@]doulcememoire.com<br \/>\nPhone : + 33 2 47 66 13 28<br \/>\nMinimum contribution :\u00a010\u20ac per person or 15\u20ac for a couple<\/p>\n<p><a href=\"https:\/\/www.doulcememoire.com\/wp-content\/uploads\/2019\/03\/bulletin-dadhsion-2019.pdf\">Download the registration form<\/a><\/p>\n","protected":false},"excerpt":{"rendered":"<p>Aupr\u00e8s de ma doulce : The association Aupr\u00e8s de ma Doulce brings together friends and fans of the concerts of Doulce M\u00e9moire. Throughout the year it organises friendly exchanges and encounters with Denis Raisin Dadre \u00a0and the artists of Doulce M\u00e9moire, while contributing to the development and promotion of the ensemble. Come and join in!&#8230;  <a class=\"excerpt-read-more\" href=\"https:\/\/www.doulcememoire.com\/en\/soutenir\/aupres-de-doulce\/\" title=\"Read Aupr\u00e8s de ma doulce\">Read more &raquo;<\/a><\/p>\n","protected":false},"author":2,"featured_media":289,"parent":239,"menu_order":3,"comment_status":"closed","ping_status":"closed","template":"","meta":{"_acf_changed":false,"footnotes":""},"class_list":["post-286","page","type-page","status-publish","has-post-thumbnail","hentry"],"acf":[],"_links":{"self":[{"href":"https:\/\/www.doulcememoire.com\/en\/wp-json\/wp\/v2\/pages\/286","targetHints":{"allow":["GET"]}}],"collection":[{"href":"https:\/\/www.doulcememoire.com\/en\/wp-json\/wp\/v2\/pages"}],"about":[{"href":"https:\/\/www.doulcememoire.com\/en\/wp-json\/wp\/v2\/types\/page"}],"author":[{"embeddable":true,"href":"https:\/\/www.doulcememoire.com\/en\/wp-json\/wp\/v2\/users\/2"}],"replies":[{"embeddable":true,"href":"https:\/\/www.doulcememoire.com\/en\/wp-json\/wp\/v2\/comments?post=286"}],"version-history":[{"count":5,"href":"https:\/\/www.doulcememoire.com\/en\/wp-json\/wp\/v2\/pages\/286\/revisions"}],"predecessor-version":[{"id":1283,"href":"https:\/\/www.doulcememoire.com\/en\/wp-json\/wp\/v2\/pages\/286\/revisions\/1283"}],"up":[{"embeddable":true,"href":"https:\/\/www.doulcememoire.com\/en\/wp-json\/wp\/v2\/pages\/239"}],"wp:featuredmedia":[{"embeddable":true,"href":"https:\/\/www.doulcememoire.com\/en\/wp-json\/wp\/v2\/media\/289"}],"wp:attachment":[{"href":"https:\/\/www.doulcememoire.com\/en\/wp-json\/wp\/v2\/media?parent=286"}],"curies":[{"name":"wp","href":"https:\/\/api.w.org\/{rel}","templated":true}]}}